{"id":2243,"date":"2017-04-05T12:48:21","date_gmt":"2017-04-05T11:48:21","guid":{"rendered":"http:\/\/www.stopaccidentes.cat\/?page_id=2243"},"modified":"2021-09-13T11:31:40","modified_gmt":"2021-09-13T10:31:40","slug":"fes-te-visible","status":"publish","type":"page","link":"https:\/\/www.florsprat.com\/stop2pl\/fes-te-visible\/","title":{"rendered":"[:CA]Tallers infantils creatius[:es]Talleres infantiles creativos[:]"},"content":{"rendered":"<p>[:CA]<\/p>\n<h3><strong><a href=\"https:\/\/www.stopaccidentes.cat\/wp-content\/uploads\/2021\/08\/reflectants.jpg\"><img loading=\"lazy\" decoding=\"async\" class=\"wp-image-4272 alignleft\" src=\"https:\/\/www.stopaccidentes.cat\/wp-content\/uploads\/2021\/08\/reflectants.jpg\" alt=\"\" width=\"112\" height=\"144\"><\/a> Fes-te visible!<\/strong><\/h3>\n<p><strong>Taller infantil de creaci\u00f3 de reflectants<\/strong>, a partir de material reutilitzable (CD&#8217;s). Es poden utilitzar tant per portar a la motxilla com a les rodes de la bicicleta. Dins d&#8217;aquesta activitat es donen missatges de prevenci\u00f3 d&#8217;accidents relacionats amb els h\u00e0bits d&#8217;autoprotecci\u00f3 per circular amb seguretat<strong>&nbsp;fent-nos<\/strong> <strong>visibles<\/strong> com a vianants o ciclistes.<\/p>\n<h3><a href=\"https:\/\/www.stopaccidentes.cat\/wp-content\/uploads\/2021\/08\/taller-de-xapes.jpg\"><img loading=\"lazy\" decoding=\"async\" class=\"wp-image-4273 alignleft\" src=\"https:\/\/www.stopaccidentes.cat\/wp-content\/uploads\/2021\/08\/taller-de-xapes.jpg\" alt=\"\" width=\"105\" height=\"145\"><\/a><strong>Conviure amb el tr\u00e0nsit<\/strong><\/h3>\n<p><strong>Taller de xapes personalitzades<\/strong> amb missatges originals relacionats amb l&#8217;educaci\u00f3 per una mobilitat segura amb la intenci\u00f3 d&#8217;ajudar a reduir sinistres de tr\u00e0nsit.&nbsp;<\/p>\n<p>&nbsp;<\/p>\n<h3><strong><a href=\"https:\/\/www.stopaccidentes.cat\/wp-content\/uploads\/2021\/08\/log-cat-conte-infantil.jpg\"><img loading=\"lazy\" decoding=\"async\" class=\"wp-image-4276 size-thumbnail alignleft\" src=\"https:\/\/www.stopaccidentes.cat\/wp-content\/uploads\/2021\/08\/log-cat-conte-infantil-e1630403568830-150x150.jpg\" alt=\"\" width=\"150\" height=\"150\"><\/a><\/strong><strong>Conte <\/strong><strong>infantil <\/strong><\/h3>\n<p><strong>\u201c<\/strong><strong>El Jordi, la Jordina i els seus amics interestel\u00b7lars\u201d<\/strong><\/p>\n<p style=\"text-align: left;\">Explicaci\u00f3&nbsp; d\u2019un <strong>conte interactiu<\/strong> en el qual es treballar\u00e0 la mobilitat segura a les ciutats, tant com a vianants, com a conductors de bicicleta i patinet.<\/p>\n<p style=\"text-align: left;\">Si esteu interessats en qu\u00e8 us oferim aquest taller, poseu-vos en contacte amb nosaltres trucan al<strong style=\"font-family: 'Source Sans Pro', Helvetica, sans-serif; font-size: 16px;\"> 93 245 40 48.<\/strong><\/p>\n<p>[:es]<\/p>\n<h3><strong><a href=\"https:\/\/www.stopaccidentes.cat\/wp-content\/uploads\/2021\/08\/reflectants.jpg\"><img loading=\"lazy\" decoding=\"async\" class=\"wp-image-4272 alignleft\" src=\"https:\/\/www.stopaccidentes.cat\/wp-content\/uploads\/2021\/08\/reflectants.jpg\" alt=\"\" width=\"112\" height=\"144\"><\/a><\/strong><strong>Haz-te visible!<\/strong><\/h3>\n<p><strong><b>Taller infantil de creaci\u00f3n de <\/b><span style=\"font-weight: 400;\"><strong>reflectantes<\/strong>, a partir de material reutilizable (CDs), tanto para llevar en la mochila como las ruedas de la bicicleta. Dentro de esta actividad se dan mensajes de prevenci\u00f3n de accidentes relacionados con los h\u00e1bitos de autoprotecci\u00f3n para circular con seguridad<\/span><\/strong> haci\u00e9ndonos visibles<strong><span style=\"font-weight: 400;\"> como peatones o ciclistas.<\/span><\/strong><\/p>\n<h3><a href=\"https:\/\/www.stopaccidentes.cat\/wp-content\/uploads\/2021\/08\/taller-de-xapes.jpg\"><img loading=\"lazy\" decoding=\"async\" class=\"wp-image-4273 alignleft\" src=\"https:\/\/www.stopaccidentes.cat\/wp-content\/uploads\/2021\/08\/taller-de-xapes.jpg\" alt=\"\" width=\"105\" height=\"145\"><\/a><strong>Convivir con el tr\u00e1fico<\/strong><\/h3>\n<p><span style=\"font-weight: 400;\"><strong>Taller de chapas personalizadas<\/strong> con mensajes originales relacionados con la educaci\u00f3n para una movilidad segura con la voluntad de ayudar a <strong>reducir siniestros de tr\u00e1fico<\/strong>.<\/span><\/p>\n<p>&nbsp;<\/p>\n<h3><a href=\"https:\/\/www.stopaccidentes.cat\/wp-content\/uploads\/2021\/08\/Lofo-cuento-CAST.jpg\"><img loading=\"lazy\" decoding=\"async\" class=\" wp-image-4275 alignleft\" src=\"https:\/\/www.stopaccidentes.cat\/wp-content\/uploads\/2021\/08\/Lofo-cuento-CAST-282x300.jpg\" alt=\"\" width=\"184\" height=\"196\" srcset=\"https:\/\/www.florsprat.com\/stop2pl\/wp-content\/uploads\/2021\/08\/Lofo-cuento-CAST-282x300.jpg 282w, https:\/\/www.florsprat.com\/stop2pl\/wp-content\/uploads\/2021\/08\/Lofo-cuento-CAST.jpg 298w\" sizes=\"auto, (max-width: 184px) 100vw, 184px\" \/><\/a>Cuento Infantil<\/h3>\n<p><strong>&#8220;El Jordi, la Jordina y sus amigos interestelares&#8221;<\/strong><\/p>\n<p>Explicaci\u00f3n de un cuento interactivo en el que se trabajar\u00e1 la movilidad segura en las ciudades, tanto como peatones, como conductores de bicicleta y patinetes.<\/p>\n<div id=\"page\" class=\"hfeed site\">\n<div id=\"main\" class=\"site-main\">\n<div id=\"primary\" class=\"content-area\">\n<div id=\"content\" class=\"site-content\" role=\"main\">\n<article id=\"post-2939\" class=\"post-2939 post type-post status-publish format-standard hentry category-uncategorized\">\n<div class=\"entry-content\">&nbsp;<\/div>\n<\/article>\n<\/div>\n<\/div>\n<\/div>\n<\/div>\n<p>&nbsp;<\/p>\n<p><span style=\"font-weight: 400;\">Si est\u00e1 interesado en que le ofrecemos este taller, p\u00f3ngase en contacto con nosotros llamando al <strong>93 245 40 48.&nbsp;<\/strong><\/span>[:]<\/p>\n","protected":false},"excerpt":{"rendered":"<p>[:CA] Fes-te visible! Taller infantil de creaci\u00f3 de reflectants, a partir de material reutilitzable (CD&#8217;s). Es poden utilitzar tant per portar a la motxilla com a les rodes de la bicicleta. Dins d&#8217;aquesta activitat es donen missatges de prevenci\u00f3 d&#8217;accidents relacionats amb els h\u00e0bits d&#8217;autoprotecci\u00f3 per circular amb seguretat&nbsp;fent-nos visibles com a vianants o ciclistes. [&hellip;]<\/p>\n<div style='clear:both'><\/div><div  class='the_champ_sharing_container the_champ_horizontal_sharing' data-super-socializer-href=\"https:\/\/www.florsprat.com\/stop2pl\/fes-te-visible\/\"><div class='the_champ_sharing_title' style=\"font-weight:bold\" ><\/div><div class=\"the_champ_sharing_ul\"><a aria-label=\"Facebook\" class=\"the_champ_facebook\" href=\"https:\/\/www.facebook.com\/sharer\/sharer.php?u=https%3A%2F%2Fwww.florsprat.com%2Fstop2pl%2Ffes-te-visible%2F\" title=\"Facebook\" rel=\"nofollow noopener\" target=\"_blank\" style=\"font-size:24px!important;box-shadow:none;display:inline-block;vertical-align:middle\"><span class=\"the_champ_svg\" style=\"background-color:#0765FE;width:35px;height:35px;border-radius:999px;display:inline-block;opacity:1;float:left;font-size:24px;box-shadow:none;display:inline-block;font-size:16px;padding:0 4px;vertical-align:middle;background-repeat:repeat;overflow:hidden;padding:0;cursor:pointer;box-sizing:content-box\"><svg style=\"display:block;border-radius:999px;\" focusable=\"false\" aria-hidden=\"true\" xmlns=\"http:\/\/www.w3.org\/2000\/svg\" width=\"100%\" height=\"100%\" viewBox=\"0 0 32 32\"><path fill=\"#fff\" d=\"M28 16c0-6.627-5.373-12-12-12S4 9.373 4 16c0 5.628 3.875 10.35 9.101 11.647v-7.98h-2.474V16H13.1v-1.58c0-4.085 1.849-5.978 5.859-5.978.76 0 2.072.15 2.608.298v3.325c-.283-.03-.775-.045-1.386-.045-1.967 0-2.728.745-2.728 2.683V16h3.92l-.673 3.667h-3.247v8.245C23.395 27.195 28 22.135 28 16Z\"><\/path><\/svg><\/span><\/a><a aria-label=\"Twitter\" class=\"the_champ_button_twitter\" href=\"https:\/\/twitter.com\/intent\/tweet?text=%5B%3ACA%5DTallers%20infantils%20creatius%5B%3Aes%5DTalleres%20infantiles%20creativos%5B%3A%5D&url=https%3A%2F%2Fwww.florsprat.com%2Fstop2pl%2Ffes-te-visible%2F\" title=\"Twitter\" rel=\"nofollow noopener\" target=\"_blank\" style=\"font-size:24px!important;box-shadow:none;display:inline-block;vertical-align:middle\"><span class=\"the_champ_svg the_champ_s__default the_champ_s_twitter\" style=\"background-color:#55acee;width:35px;height:35px;border-radius:999px;display:inline-block;opacity:1;float:left;font-size:24px;box-shadow:none;display:inline-block;font-size:16px;padding:0 4px;vertical-align:middle;background-repeat:repeat;overflow:hidden;padding:0;cursor:pointer;box-sizing:content-box\"><svg style=\"display:block;border-radius:999px;\" focusable=\"false\" aria-hidden=\"true\" xmlns=\"http:\/\/www.w3.org\/2000\/svg\" width=\"100%\" height=\"100%\" viewBox=\"-4 -4 39 39\"><path d=\"M28 8.557a9.913 9.913 0 0 1-2.828.775 4.93 4.93 0 0 0 2.166-2.725 9.738 9.738 0 0 1-3.13 1.194 4.92 4.92 0 0 0-3.593-1.55 4.924 4.924 0 0 0-4.794 6.049c-4.09-.21-7.72-2.17-10.15-5.15a4.942 4.942 0 0 0-.665 2.477c0 1.71.87 3.214 2.19 4.1a4.968 4.968 0 0 1-2.23-.616v.06c0 2.39 1.7 4.38 3.952 4.83-.414.115-.85.174-1.297.174-.318 0-.626-.03-.928-.086a4.935 4.935 0 0 0 4.6 3.42 9.893 9.893 0 0 1-6.114 2.107c-.398 0-.79-.023-1.175-.068a13.953 13.953 0 0 0 7.55 2.213c9.056 0 14.01-7.507 14.01-14.013 0-.213-.005-.426-.015-.637.96-.695 1.795-1.56 2.455-2.55z\" fill=\"#fff\"><\/path><\/svg><\/span><\/a><a aria-label=\"Pinterest\" class=\"the_champ_button_pinterest\" href=\"https:\/\/www.florsprat.com\/stop2pl\/fes-te-visible\/\" onclick=\"event.preventDefault();javascript:void((function(){var e=document.createElement('script');e.setAttribute('type','text\/javascript');e.setAttribute('charset','UTF-8');e.setAttribute('src','\/\/assets.pinterest.com\/js\/pinmarklet.js?r='+Math.random()*99999999);document.body.appendChild(e)})());\" title=\"Pinterest\" rel=\"noopener\" style=\"font-size:24px!important;box-shadow:none;display:inline-block;vertical-align:middle\"><span class=\"the_champ_svg the_champ_s__default the_champ_s_pinterest\" style=\"background-color:#cc2329;width:35px;height:35px;border-radius:999px;display:inline-block;opacity:1;float:left;font-size:24px;box-shadow:none;display:inline-block;font-size:16px;padding:0 4px;vertical-align:middle;background-repeat:repeat;overflow:hidden;padding:0;cursor:pointer;box-sizing:content-box\"><svg style=\"display:block;border-radius:999px;\" focusable=\"false\" aria-hidden=\"true\" xmlns=\"http:\/\/www.w3.org\/2000\/svg\" width=\"100%\" height=\"100%\" viewBox=\"-2 -2 35 35\"><path fill=\"#fff\" d=\"M16.539 4.5c-6.277 0-9.442 4.5-9.442 8.253 0 2.272.86 4.293 2.705 5.046.303.125.574.005.662-.33.061-.231.205-.816.27-1.06.088-.331.053-.447-.191-.736-.532-.627-.873-1.439-.873-2.591 0-3.338 2.498-6.327 6.505-6.327 3.548 0 5.497 2.168 5.497 5.062 0 3.81-1.686 7.025-4.188 7.025-1.382 0-2.416-1.142-2.085-2.545.397-1.674 1.166-3.48 1.166-4.689 0-1.081-.581-1.983-1.782-1.983-1.413 0-2.548 1.462-2.548 3.419 0 1.247.421 2.091.421 2.091l-1.699 7.199c-.505 2.137-.076 4.755-.039 5.019.021.158.223.196.314.077.13-.17 1.813-2.247 2.384-4.324.162-.587.929-3.631.929-3.631.46.876 1.801 1.646 3.227 1.646 4.247 0 7.128-3.871 7.128-9.053.003-3.918-3.317-7.568-8.361-7.568z\"\/><\/svg><\/span><\/a><a aria-label=\"Whatsapp\" class=\"the_champ_whatsapp\" href=\"https:\/\/api.whatsapp.com\/send?text=%5B%3ACA%5DTallers%20infantils%20creatius%5B%3Aes%5DTalleres%20infantiles%20creativos%5B%3A%5D https%3A%2F%2Fwww.florsprat.com%2Fstop2pl%2Ffes-te-visible%2F\" title=\"Whatsapp\" rel=\"nofollow noopener\" target=\"_blank\" style=\"font-size:24px!important;box-shadow:none;display:inline-block;vertical-align:middle\"><span class=\"the_champ_svg\" style=\"background-color:#55eb4c;width:35px;height:35px;border-radius:999px;display:inline-block;opacity:1;float:left;font-size:24px;box-shadow:none;display:inline-block;font-size:16px;padding:0 4px;vertical-align:middle;background-repeat:repeat;overflow:hidden;padding:0;cursor:pointer;box-sizing:content-box\"><svg style=\"display:block;border-radius:999px;\" focusable=\"false\" aria-hidden=\"true\" xmlns=\"http:\/\/www.w3.org\/2000\/svg\" width=\"100%\" height=\"100%\" viewBox=\"-6 -5 40 40\"><path class=\"the_champ_svg_stroke the_champ_no_fill\" stroke=\"#fff\" stroke-width=\"2\" fill=\"none\" d=\"M 11.579798566743314 24.396926207859085 A 10 10 0 1 0 6.808479557110079 20.73576436351046\"><\/path><path d=\"M 7 19 l -1 6 l 6 -1\" class=\"the_champ_no_fill the_champ_svg_stroke\" stroke=\"#fff\" stroke-width=\"2\" fill=\"none\"><\/path><path d=\"M 10 10 q -1 8 8 11 c 5 -1 0 -6 -1 -3 q -4 -3 -5 -5 c 4 -2 -1 -5 -1 -4\" fill=\"#fff\"><\/path><\/svg><\/span><\/a><a aria-label=\"Instagram\" class=\"the_champ_button_instagram\" href=\"https:\/\/www.instagram.com\/\" title=\"Instagram\" rel=\"nofollow noopener\" target=\"_blank\" style=\"font-size:24px!important;box-shadow:none;display:inline-block;vertical-align:middle\"><span class=\"the_champ_svg\" style=\"background-color:#53beee;width:35px;height:35px;border-radius:999px;display:inline-block;opacity:1;float:left;font-size:24px;box-shadow:none;display:inline-block;font-size:16px;padding:0 4px;vertical-align:middle;background-repeat:repeat;overflow:hidden;padding:0;cursor:pointer;box-sizing:content-box\"><svg style=\"display:block;border-radius:999px;\" version=\"1.1\" viewBox=\"-10 -10 148 148\" width=\"100%\" height=\"100%\" xml:space=\"preserve\" xmlns=\"http:\/\/www.w3.org\/2000\/svg\" xmlns:xlink=\"http:\/\/www.w3.org\/1999\/xlink\"><g><g><path d=\"M86,112H42c-14.336,0-26-11.663-26-26V42c0-14.337,11.664-26,26-26h44c14.337,0,26,11.663,26,26v44 C112,100.337,100.337,112,86,112z M42,24c-9.925,0-18,8.074-18,18v44c0,9.925,8.075,18,18,18h44c9.926,0,18-8.075,18-18V42 c0-9.926-8.074-18-18-18H42z\" fill=\"#fff\"><\/path><\/g><g><path d=\"M64,88c-13.234,0-24-10.767-24-24c0-13.234,10.766-24,24-24s24,10.766,24,24C88,77.233,77.234,88,64,88z M64,48c-8.822,0-16,7.178-16,16s7.178,16,16,16c8.822,0,16-7.178,16-16S72.822,48,64,48z\" fill=\"#fff\"><\/path><\/g><g><circle cx=\"89.5\" cy=\"38.5\" fill=\"#fff\" r=\"5.5\"><\/circle><\/g><\/g><\/svg><\/span><\/a><a aria-label=\"Facebook Like\" style=\"padding:7.35px 0 !important\" class=\"the_champ_facebook_like\"><div class=\"fb-like\" data-href=\"https:\/\/www.florsprat.com\/stop2pl\/fes-te-visible\/\" data-layout=\"button\" data-action=\"like\" data-show-faces=\"false\" data-share=\"false\"><\/div><\/a><a style=\"font-size:24px!important;box-shadow:none;display:inline-block!important;font-size: 16px;padding: 0 4px;vertical-align:middle;display:inline;\" class=\"theChampSharingRound\"><div style=\"width:35px;height:35px;border-radius:999px;margin-left:9px !important;\" title=\"Total Shares\" class=\"theChampSharing theChampTCBackground\"><\/div><\/a><\/div><\/div><div style='clear:both'><\/div>","protected":false},"author":2,"featured_media":0,"parent":0,"menu_order":5,"comment_status":"closed","ping_status":"closed","template":"","meta":{"footnotes":""},"class_list":["post-2243","page","type-page","status-publish","hentry"],"_links":{"self":[{"href":"https:\/\/www.florsprat.com\/stop2pl\/wp-json\/wp\/v2\/pages\/2243","targetHints":{"allow":["GET"]}}],"collection":[{"href":"https:\/\/www.florsprat.com\/stop2pl\/wp-json\/wp\/v2\/pages"}],"about":[{"href":"https:\/\/www.florsprat.com\/stop2pl\/wp-json\/wp\/v2\/types\/page"}],"author":[{"embeddable":true,"href":"https:\/\/www.florsprat.com\/stop2pl\/wp-json\/wp\/v2\/users\/2"}],"replies":[{"embeddable":true,"href":"https:\/\/www.florsprat.com\/stop2pl\/wp-json\/wp\/v2\/comments?post=2243"}],"version-history":[{"count":18,"href":"https:\/\/www.florsprat.com\/stop2pl\/wp-json\/wp\/v2\/pages\/2243\/revisions"}],"predecessor-version":[{"id":4405,"href":"https:\/\/www.florsprat.com\/stop2pl\/wp-json\/wp\/v2\/pages\/2243\/revisions\/4405"}],"wp:attachment":[{"href":"https:\/\/www.florsprat.com\/stop2pl\/wp-json\/wp\/v2\/media?parent=2243"}],"curies":[{"name":"wp","href":"https:\/\/api.w.org\/{rel}","templated":true}]}}